{"id":2131,"date":"2024-12-08T12:32:31","date_gmt":"2024-12-08T12:32:31","guid":{"rendered":"https:\/\/whaleworld.pt\/?page_id=2131"},"modified":"2024-12-08T13:37:53","modified_gmt":"2024-12-08T13:37:53","slug":"sobre-nos","status":"publish","type":"page","link":"https:\/\/whaleworld.pt\/?page_id=2131&lang=pt","title":{"rendered":"Sobre n\u00f3s"},"content":{"rendered":"<p><div class=\"fusion-fullwidth fullwidth-box fusion-builder-row-1 fusion-flex-container hundred-percent-fullwidth non-hundred-percent-height-scrolling\" style=\"--link_hover_color: var(--awb-color5);--link_color: var(--awb-color5);--awb-border-sizes-top:0px;--awb-border-sizes-bottom:0px;--awb-border-sizes-left:0px;--awb-border-sizes-right:0px;--awb-border-color:var(--awb-color3);--awb-border-radius-top-left:0px;--awb-border-radius-top-right:0px;--awb-border-radius-bottom-right:0px;--awb-border-radius-bottom-left:0px;--awb-padding-top:60px;--awb-padding-right:40px;--awb-padding-bottom:60px;--awb-padding-left:40px;--awb-padding-top-medium:20px;--awb-padding-right-medium:20px;--awb-padding-bottom-medium:20px;--awb-padding-left-medium:20px;--awb-margin-top:0px;--awb-margin-bottom:0px;--awb-background-color:var(--awb-color5);\" ><div class=\"fusion-builder-row fusion-row fusion-flex-align-items-stretch fusion-flex-justify-content-center\" style=\"width:calc( 100% + 0px ) !important;max-width:calc( 100% + 0px ) !important;margin-left: calc(-0px \/ 2 );margin-right: calc(-0px \/ 2 );\"><div class=\"fusion-layout-column fusion_builder_column fusion-builder-column-0 fusion_builder_column_1_2 1_2 fusion-flex-column fusion-animated\" style=\"--awb-bg-position:center center;--awb-bg-size:cover;--awb-border-color:var(--awb-color1);--awb-border-top:20px;--awb-border-right:20px;--awb-border-bottom:20px;--awb-border-left:20px;--awb-border-style:solid;--awb-width-large:50%;--awb-margin-top-large:0px;--awb-spacing-right-large:calc( 0.04 * calc( 100% - 0 ) );--awb-margin-bottom-large:0px;--awb-spacing-left-large:0;--awb-width-medium:50%;--awb-order-medium:0;--awb-spacing-right-medium:calc( 0.04 * calc( 100% - 0 ) );--awb-margin-bottom-medium:0px;--awb-spacing-left-medium:calc( 0.04 * calc( 100% - 0 ) );--awb-width-small:100%;--awb-order-small:0;--awb-spacing-right-small:0;--awb-margin-bottom-small:0px;--awb-spacing-left-small:0;\" data-animationType=\"fadeInUp\" data-animationDuration=\"1.3\" data-animationOffset=\"top-into-view\"><div class=\"fusion-column-wrapper lazyload fusion-column-has-shadow fusion-flex-justify-content-flex-start fusion-content-layout-column\" data-bg-url=\"https:\/\/whaleworld.pt\/wp-content\/uploads\/2023\/04\/017-2.jpg\" data-bg=\"https:\/\/whaleworld.pt\/wp-content\/uploads\/2023\/04\/017-2.jpg\"><div class=\"fusion-separator fusion-full-width-sep\" style=\"align-self: center;margin-left: auto;margin-right: auto;margin-bottom:300px;width:100%;\"><div class=\"fusion-separator-border sep-double\" style=\"--awb-height:20px;--awb-amount:20px;border-color:var(--awb-color3);border-top-width:0px;border-bottom-width:0px;\"><\/div><\/div><\/div><\/div><div class=\"fusion-layout-column fusion_builder_column fusion-builder-column-1 fusion_builder_column_2_5 2_5 fusion-flex-column fusion-animated\" style=\"--awb-padding-top:12%;--awb-padding-right:12%;--awb-padding-bottom:12%;--awb-padding-left:12%;--awb-padding-top-medium:13%;--awb-padding-bottom-medium:13%;--awb-padding-top-small:36px;--awb-padding-right-small:36px;--awb-padding-bottom-small:36px;--awb-padding-left-small:36px;--awb-bg-color:var(--awb-color1);--awb-bg-size:cover;--awb-width-large:40%;--awb-margin-top-large:0px;--awb-spacing-right-large:0;--awb-margin-bottom-large:0px;--awb-spacing-left-large:calc( 0.04 * calc( 100% - 0 ) );--awb-width-medium:50%;--awb-order-medium:1;--awb-spacing-right-medium:0;--awb-spacing-left-medium:calc( 0.032 * calc( 100% - 0 ) );--awb-width-small:100%;--awb-order-small:1;--awb-spacing-right-small:0;--awb-spacing-left-small:calc( 0.016 * calc( 100% - 0 ) );\" data-animationType=\"fadeInUp\" data-animationDuration=\"1.3\" data-animationOffset=\"top-into-view\"><div class=\"fusion-column-wrapper fusion-column-has-shadow fusion-flex-justify-content-flex-start fusion-content-layout-column\"><div class=\"fusion-title title fusion-title-1 fusion-sep-none fusion-title-text fusion-title-size-one\" style=\"--awb-text-color:var(--awb-color8);--awb-margin-bottom:30px;--awb-margin-bottom-small:30px;\"><h1 class=\"title-heading-left sm-text-align-center fusion-responsive-typography-calculated\" style=\"margin:0;text-transform:capitalize;--fontSize:72;line-height:var(--awb-typography1-line-height);\"><p style=\"text-align: left;\">Sobre n\u00f3s<\/p><\/h1><\/div><div class=\"fusion-separator fusion-full-width-sep\" style=\"align-self: center;margin-left: auto;margin-right: auto;margin-top:15px;margin-bottom:40px;width:100%;\"><div class=\"fusion-separator-border sep-single sep-solid\" style=\"--awb-height:20px;--awb-amount:20px;--awb-sep-color:hsla(var(--awb-color8-h),var(--awb-color8-s),var(--awb-color8-l),calc(var(--awb-color8-a) - 90%));border-color:hsla(var(--awb-color8-h),var(--awb-color8-s),var(--awb-color8-l),calc(var(--awb-color8-a) - 90%));border-top-width:1px;\"><\/div><\/div><div class=\"fusion-text fusion-text-1 fusion-text-no-margin\" style=\"--awb-font-size:var(--awb-typography4-font-size);--awb-line-height:var(--awb-typography4-line-height);--awb-letter-spacing:var(--awb-typography4-letter-spacing);--awb-text-transform:var(--awb-typography4-text-transform);--awb-text-color:var(--awb-color8);--awb-margin-top:0px;--awb-margin-bottom:50px;--awb-text-font-family:var(--awb-typography4-font-family);--awb-text-font-weight:var(--awb-typography4-font-weight);--awb-text-font-style:var(--awb-typography4-font-style);\"><p>A nossa iniciativa come\u00e7ou com uma paix\u00e3o por criar lembran\u00e7as \u00fanicas e sustent\u00e1veis que os turistas podem levar para casa para recordar os seus momentos felizes a explorar o oceano \u00e0 volta dos A\u00e7ores. O nosso primeiro passo foi criar baleias de peluche que pudessem ser produzidas localmente na ilha. \u00c0 medida que o nosso projeto foi crescendo, apercebemo-nos da import\u00e2ncia de apoiar a comunidade, e foi por isso que envolvemos mulheres a\u00e7orianas no processo de produ\u00e7\u00e3o.<\/p>\n<p>Com as suas m\u00e3os habilidosas e m\u00e1quinas de costura, elas d\u00e3o vida aos nossos desenhos, criando belas lembran\u00e7as que reflectem a beleza do nosso ambiente. Orgulhamo-nos do facto de as nossas lembran\u00e7as serem produzidas localmente, serem sustent\u00e1veis e apoiarem a comunidade. Convidamos-te a percorrer a nossa excecional cole\u00e7\u00e3o de brinquedos da vida marinha, sabendo que cada compra que fazes apoia uma causa digna. Obrigado por te juntares a n\u00f3s nesta viagem!<\/p>\n<\/div><\/div><\/div><\/div><\/div><div class=\"fusion-fullwidth fullwidth-box fusion-builder-row-2 fusion-flex-container hundred-percent-fullwidth non-hundred-percent-height-scrolling\" style=\"--link_hover_color: var(--awb-color5);--link_color: var(--awb-color5);--awb-border-sizes-top:0px;--awb-border-sizes-bottom:0px;--awb-border-sizes-left:0px;--awb-border-sizes-right:0px;--awb-border-color:var(--awb-color3);--awb-border-radius-top-left:0px;--awb-border-radius-top-right:0px;--awb-border-radius-bottom-right:0px;--awb-border-radius-bottom-left:0px;--awb-padding-top:60px;--awb-padding-right:40px;--awb-padding-bottom:60px;--awb-padding-left:40px;--awb-padding-top-medium:20px;--awb-padding-right-medium:20px;--awb-padding-bottom-medium:20px;--awb-padding-left-medium:20px;--awb-margin-top:0px;--awb-margin-bottom:0px;--awb-background-color:hsla(var(--awb-color1-h),var(--awb-color1-s),var(--awb-color1-l),calc(var(--awb-color1-a) - 100%));\" ><div class=\"fusion-builder-row fusion-row fusion-flex-align-items-stretch fusion-flex-justify-content-center\" style=\"width:calc( 100% + 0px ) !important;max-width:calc( 100% + 0px ) !important;margin-left: calc(-0px \/ 2 );margin-right: calc(-0px \/ 2 );\"><div class=\"fusion-layout-column fusion_builder_column fusion-builder-column-2 fusion_builder_column_1_2 1_2 fusion-flex-column fusion-flex-align-self-center fusion-animated\" style=\"--awb-padding-top-small:0px;--awb-bg-size:cover;--awb-border-color:var(--awb-color1);--awb-border-top:20px;--awb-border-right:20px;--awb-border-bottom:20px;--awb-border-left:20px;--awb-border-style:solid;--awb-width-large:50%;--awb-margin-top-large:0px;--awb-spacing-right-large:calc( 0.04 * calc( 100% - 0 ) );--awb-margin-bottom-large:0px;--awb-spacing-left-large:0;--awb-width-medium:50%;--awb-order-medium:0;--awb-spacing-right-medium:calc( 0.04 * calc( 100% - 0 ) );--awb-margin-bottom-medium:0px;--awb-spacing-left-medium:calc( 0.04 * calc( 100% - 0 ) );--awb-width-small:100%;--awb-order-small:0;--awb-margin-top-small:0px;--awb-spacing-right-small:0;--awb-margin-bottom-small:0px;--awb-spacing-left-small:0;\" data-animationType=\"fadeInUp\" data-animationDuration=\"1.3\" data-animationOffset=\"top-into-view\"><div class=\"fusion-column-wrapper fusion-column-has-shadow fusion-flex-justify-content-center fusion-content-layout-column\"><div class=\"fusion-image-element \" style=\"text-align:right;--awb-mask-url: url(https:\/\/whaleworld.pt\/wp-content\/plugins\/fusion-builder\/\/assets\/images\/masks\/mask-1.svg);--awb-caption-title-size:var(--h2_typography-font-size);--awb-caption-title-transform:var(--h2_typography-text-transform);--awb-caption-title-line-height:var(--h2_typography-line-height);--awb-caption-title-letter-spacing:var(--h2_typography-letter-spacing);\"><span class=\" fusion-imageframe imageframe-none imageframe-1 hover-type-none has-mask\"><img decoding=\"async\" width=\"570\" height=\"428\" title=\"il_570xN.2134874630_ejl4\" src=\"https:\/\/whaleworld.pt\/wp-content\/uploads\/2023\/04\/il_570xN.2134874630_ejl4.webp\" data-orig-src=\"https:\/\/whaleworld.pt\/wp-content\/uploads\/2023\/04\/il_570xN.2134874630_ejl4.webp\" alt class=\"lazyload img-responsive wp-image-1753\" srcset=\"data:image\/svg+xml,%3Csvg%20xmlns%3D%27http%3A%2F%2Fwww.w3.org%2F2000%2Fsvg%27%20width%3D%27570%27%20height%3D%27428%27%20viewBox%3D%270%200%20570%20428%27%3E%3Crect%20width%3D%27570%27%20height%3D%27428%27%20fill-opacity%3D%220%22%2F%3E%3C%2Fsvg%3E\" data-srcset=\"https:\/\/whaleworld.pt\/wp-content\/uploads\/2023\/04\/il_570xN.2134874630_ejl4-200x150.webp 200w, https:\/\/whaleworld.pt\/wp-content\/uploads\/2023\/04\/il_570xN.2134874630_ejl4-300x225.webp 300w, https:\/\/whaleworld.pt\/wp-content\/uploads\/2023\/04\/il_570xN.2134874630_ejl4-400x300.webp 400w, https:\/\/whaleworld.pt\/wp-content\/uploads\/2023\/04\/il_570xN.2134874630_ejl4.webp 570w\" data-sizes=\"auto\" data-orig-sizes=\"(max-width: 974px) 100vw, (max-width: 640px) 100vw, 570px\" \/><\/span><\/div><\/div><\/div><div class=\"fusion-layout-column fusion_builder_column fusion-builder-column-3 fusion_builder_column_2_5 2_5 fusion-flex-column fusion-animated\" style=\"--awb-padding-top:12%;--awb-padding-right:12%;--awb-padding-bottom:12%;--awb-padding-left:12%;--awb-padding-top-medium:13%;--awb-padding-bottom-medium:13%;--awb-padding-top-small:36px;--awb-padding-right-small:36px;--awb-padding-bottom-small:36px;--awb-padding-left-small:36px;--awb-bg-color:var(--awb-color1);--awb-bg-size:cover;--awb-width-large:40%;--awb-margin-top-large:0px;--awb-spacing-right-large:0;--awb-margin-bottom-large:0px;--awb-spacing-left-large:calc( 0.04 * calc( 100% - 0 ) );--awb-width-medium:50%;--awb-order-medium:1;--awb-spacing-right-medium:0;--awb-spacing-left-medium:calc( 0.032 * calc( 100% - 0 ) );--awb-width-small:100%;--awb-order-small:1;--awb-spacing-right-small:0;--awb-spacing-left-small:calc( 0.016 * calc( 100% - 0 ) );\" data-animationType=\"fadeInUp\" data-animationDuration=\"1.3\" data-animationOffset=\"top-into-view\"><div class=\"fusion-column-wrapper fusion-column-has-shadow fusion-flex-justify-content-flex-start fusion-content-layout-column\"><div class=\"fusion-title title fusion-title-2 fusion-sep-none fusion-title-text fusion-title-size-div\" style=\"--awb-text-color:var(--awb-color6);--awb-margin-top:0px;--awb-font-size:var(--awb-typography2-font-size);\"><div class=\"title-heading-left title-heading-tag sm-text-align-center fusion-responsive-typography-calculated\" style=\"font-family:var(--awb-typography2-font-family);font-weight:var(--awb-typography2-font-weight);font-style:var(--awb-typography2-font-style);margin:0;font-size:1em;letter-spacing:var(--awb-typography2-letter-spacing);text-transform:var(--awb-typography2-text-transform);--fontSize:12;--minFontSize:12;line-height:var(--awb-typography2-line-height);\">Sustentabilidade<\/div><\/div><div class=\"fusion-title title fusion-title-3 fusion-no-small-visibility fusion-no-medium-visibility fusion-no-large-visibility fusion-sep-none fusion-title-text fusion-title-size-one\" style=\"--awb-text-color:var(--awb-color8);--awb-margin-bottom:30px;--awb-margin-bottom-small:30px;\"><h1 class=\"title-heading-left sm-text-align-center fusion-responsive-typography-calculated\" style=\"margin:0;text-transform:capitalize;--fontSize:72;line-height:var(--awb-typography1-line-height);\">N\u00f3s reciclamos!<\/h1><\/div><div class=\"fusion-separator fusion-full-width-sep\" style=\"align-self: center;margin-left: auto;margin-right: auto;margin-top:15px;margin-bottom:40px;width:100%;\"><div class=\"fusion-separator-border sep-single sep-solid\" style=\"--awb-height:20px;--awb-amount:20px;--awb-sep-color:hsla(var(--awb-color8-h),var(--awb-color8-s),var(--awb-color8-l),calc(var(--awb-color8-a) - 90%));border-color:hsla(var(--awb-color8-h),var(--awb-color8-s),var(--awb-color8-l),calc(var(--awb-color8-a) - 90%));border-top-width:1px;\"><\/div><\/div><div class=\"fusion-text fusion-text-2 fusion-text-no-margin\" style=\"--awb-font-size:var(--awb-typography4-font-size);--awb-line-height:var(--awb-typography4-line-height);--awb-letter-spacing:var(--awb-typography4-letter-spacing);--awb-text-transform:var(--awb-typography4-text-transform);--awb-text-color:var(--awb-color8);--awb-margin-top:0px;--awb-margin-bottom:50px;--awb-text-font-family:var(--awb-typography4-font-family);--awb-text-font-weight:var(--awb-typography4-font-weight);--awb-text-font-style:var(--awb-typography4-font-style);\"><p>A nossa iniciativa sustent\u00e1vel recicla o material de ganga, dando uma nova vida ao tecido descartado e reduzindo o desperd\u00edcio.<\/p>\n<\/div><\/div><\/div><\/div><\/div><\/p>\n","protected":false},"excerpt":{"rendered":"","protected":false},"author":2,"featured_media":0,"parent":0,"menu_order":0,"comment_status":"closed","ping_status":"closed","template":"100-width.php","meta":[],"lang":"pt","translations":{"pt":2131,"en":1738},"pll_sync_post":[],"_links":{"self":[{"href":"https:\/\/whaleworld.pt\/index.php?rest_route=\/wp\/v2\/pages\/2131"}],"collection":[{"href":"https:\/\/whaleworld.pt\/index.php?rest_route=\/wp\/v2\/pages"}],"about":[{"href":"https:\/\/whaleworld.pt\/index.php?rest_route=\/wp\/v2\/types\/page"}],"author":[{"embeddable":true,"href":"https:\/\/whaleworld.pt\/index.php?rest_route=\/wp\/v2\/users\/2"}],"replies":[{"embeddable":true,"href":"https:\/\/whaleworld.pt\/index.php?rest_route=%2Fwp%2Fv2%2Fcomments&post=2131"}],"version-history":[{"count":3,"href":"https:\/\/whaleworld.pt\/index.php?rest_route=\/wp\/v2\/pages\/2131\/revisions"}],"predecessor-version":[{"id":2167,"href":"https:\/\/whaleworld.pt\/index.php?rest_route=\/wp\/v2\/pages\/2131\/revisions\/2167"}],"wp:attachment":[{"href":"https:\/\/whaleworld.pt\/index.php?rest_route=%2Fwp%2Fv2%2Fmedia&parent=2131"}],"curies":[{"name":"wp","href":"https:\/\/api.w.org\/{rel}","templated":true}]}}