{"id":2176,"date":"2024-12-19T13:38:49","date_gmt":"2024-12-19T13:38:49","guid":{"rendered":"https:\/\/whaleworld.pt\/?page_id=2176"},"modified":"2024-12-31T13:40:55","modified_gmt":"2024-12-31T13:40:55","slug":"noticias","status":"publish","type":"page","link":"https:\/\/whaleworld.pt\/?page_id=2176&lang=pt","title":{"rendered":"Not\u00edcias"},"content":{"rendered":"<p><div class=\"fusion-fullwidth fullwidth-box fusion-builder-row-1 fusion-flex-container nonhundred-percent-fullwidth non-hundred-percent-height-scrolling\" style=\"--link_hover_color: var(--awb-color5);--link_color: var(--awb-color5);--awb-background-repeat:no-repete;--awb-border-sizes-top:0px;--awb-border-sizes-bottom:0px;--awb-border-sizes-left:0px;--awb-border-sizes-right:0px;--awb-border-radius-top-left:0px;--awb-border-radius-top-right:0px;--awb-border-radius-bottom-right:0px;--awb-border-radius-bottom-left:0px;--awb-padding-top:72px;--awb-padding-right:30px;--awb-padding-bottom:72px;--awb-padding-left:30px;--awb-padding-top-small:50px;--awb-padding-bottom-small:50px;--awb-margin-top:0px;--awb-margin-bottom:0px;--awb-background-color:var(--awb-color1);\" ><div class=\"fusion-builder-row fusion-row fusion-flex-align-items-center fusion-flex-justify-content-center\" style=\"max-width:104%;margin-left: calc(-4% \/ 2 );margin-right: calc(-4% \/ 2 );\"><div class=\"fusion-layout-column fusion_builder_column fusion-builder-column-0 fusion_builder_column_1_1 1_1 fusion-flex-column\" style=\"--awb-bg-size:cover;--awb-width-large:100%;--awb-margin-top-large:0px;--awb-spacing-right-large:1.92%;--awb-margin-bottom-large:0px;--awb-spacing-left-large:1.92%;--awb-width-medium:100%;--awb-order-medium:0;--awb-spacing-right-medium:1.92%;--awb-spacing-left-medium:1.92%;--awb-width-small:100%;--awb-order-small:0;--awb-spacing-right-small:1.92%;--awb-spacing-left-small:1.92%;\"><div class=\"fusion-column-wrapper fusion-column-has-shadow fusion-flex-justify-content-flex-start fusion-content-layout-column\"><div class=\"fusion-title title fusion-title-1 fusion-sep-none fusion-title-center fusion-title-text fusion-title-size-one\" style=\"--awb-text-color:var(--awb-color8);--awb-margin-top:0px;--awb-margin-bottom:0px;\"><h1 class=\"title-heading-center\" style=\"margin:0;text-transform:capitalize;\">A nossa p\u00e1gina de not\u00edcias<\/h1><\/div><\/div><\/div><\/div><\/div><div class=\"fusion-fullwidth fullwidth-box fusion-builder-row-2 fusion-flex-container nonhundred-percent-fullwidth non-hundred-percent-height-scrolling\" style=\"--link_hover_color: var(--awb-color5);--link_color: var(--awb-color8);--awb-border-sizes-top:0px;--awb-border-sizes-bottom:0px;--awb-border-sizes-left:0px;--awb-border-sizes-right:0px;--awb-border-radius-top-left:0px;--awb-border-radius-top-right:0px;--awb-border-radius-bottom-right:0px;--awb-border-radius-bottom-left:0px;--awb-padding-top:4vw;--awb-padding-right:30px;--awb-padding-bottom:60px;--awb-padding-left:30px;--awb-padding-top-medium:60px;--awb-padding-right-medium:60px;--awb-padding-bottom-medium:60px;--awb-padding-left-medium:60px;--awb-padding-top-small:60px;--awb-padding-right-small:60px;--awb-padding-left-small:60px;--awb-margin-top:0px;--awb-margin-bottom-medium:0px;--awb-background-color:var(--awb-color1);\" ><div class=\"fusion-builder-row fusion-row fusion-flex-align-items-flex-start\" style=\"max-width:calc( 100% + 80px );margin-left: calc(-80px \/ 2 );margin-right: calc(-80px \/ 2 );\"><div class=\"fusion-layout-column fusion_builder_column fusion-builder-column-1 fusion_builder_column_1_1 1_1 fusion-flex-column\" style=\"--awb-bg-size:cover;--awb-width-large:100%;--awb-margin-top-large:0px;--awb-spacing-right-large:calc( 0.1 * calc( 100% - 80px ) );--awb-margin-bottom-large:20px;--awb-spacing-left-large:calc( 0.1 * calc( 100% - 80px ) );--awb-width-medium:60%;--awb-order-medium:0;--awb-spacing-right-medium:calc( 0.16666666666667 * calc( 100% - 80px ) );--awb-spacing-left-medium:calc( 0.16666666666667 * calc( 100% - 80px ) );--awb-width-small:100%;--awb-order-small:0;--awb-spacing-right-small:40px;--awb-spacing-left-small:40px;\"><div class=\"fusion-column-wrapper fusion-column-has-shadow fusion-flex-justify-content-flex-start fusion-content-layout-column\"><div class=\"fusion-blog-shortcode fusion-blog-shortcode-1 fusion-blog-archive fusion-blog-layout-large fusion-blog-pagina\u00e7\u00e3o\"><div class=\"fusion-posts-container fusion-posts-container-pagina\u00e7\u00e3o\" data-pages=\"1\"><article id=\"blog-1-post-2227\" class=\"fusion-post-large post-2227 post type-post status-publish format-standard hentry category-uncategorized\">\n\t<style type=\"text\/css\">\n\t\t\n\t\t\n\t\t\n\t\t\n\t\t\t<\/style>\n\n\n<div class=\"fusion-post-content post-content\"><h2 class=\"blog-shortcode-post-title entry-title\"><a href=\"https:\/\/whaleworld.pt\/?p=2227&#038;lang=pt\">A hist\u00f3ria por detr\u00e1s do menu d&#8217;A Tasca<\/a><\/h2><div class=\"fusion-post-content-container\"><p>N\u2019A Tasca, em Ponta Delgada, o menu partilha mais do que comida. Conta a hist\u00f3ria de Wulf Koehler e Dagmar Mehlis-Doering, que se mudaram da Alemanha para S\u00e3o Miguel e se tornaram amigos pr\u00f3ximos da casa. As fotografias subaqu\u00e1ticas de Wulf decoraram a sala de jantar do restaurante nos primeiros anos e, juntos, o casal publicou livros, desenvolveu projetos sobre baleias e apoiou institui\u00e7\u00f5es locais de caridade para animais. Alguns dos seus trabalhos, incluindo peluches<\/p><\/div><\/div><div class=\"fusion-clearfix\"><\/div><div class=\"fusion-meta-info\"><div class=\"fusion-alignleft\"><span class=\"vcard\" style=\"display: none;\"><span class=\"fn\"><a href=\"https:\/\/whaleworld.pt\/?author=2\" title=\"Posts by \" rel=\"author\"><\/a><\/span><\/span><span class=\"updated\" style=\"display:none;\">2025-09-30T21:12:54+00:00<\/span><span><\/span><span class=\"fusion-inline-sep\">|<\/span><\/div><div class=\"fusion-alignright\"><a class=\"fusion-read-more\" href=\"https:\/\/whaleworld.pt\/?p=2227&#038;lang=pt\" aria-label=\"More on A hist\u00f3ria por detr\u00e1s do menu d&#8217;A Tasca\">Read More<\/a><\/div><\/div><\/article>\n<article id=\"blog-1-post-2220\" class=\"fusion-post-large post-2220 post type-post status-publish format-standard hentry category-uncategorized-en\">\n\t<style type=\"text\/css\">\n\t\t\n\t\t\n\t\t\n\t\t\n\t\t\t<\/style>\n\n\n<div class=\"fusion-post-content post-content\"><h2 class=\"blog-shortcode-post-title entry-title\"><a href=\"https:\/\/whaleworld.pt\/?p=2220\">The story behind A Tasca\u2019s menu<\/a><\/h2><div class=\"fusion-post-content-container\"><p>At A Tasca in Ponta Delgada, the menu shares more than food. It tells the story of Wulf Koehler and Dagmar Mehlis-Doering, who moved from Germany to S\u00e3o Miguel and became close friends of the house. Wulf\u2019s underwater photography decorated the restaurant\u2019s upstairs dining room in its early years, and together the couple went on to publish books, create whale-themed projects, and support local animal charities. Some of their work, including whale plushies and handmade<\/p><\/div><\/div><div class=\"fusion-clearfix\"><\/div><div class=\"fusion-meta-info\"><div class=\"fusion-alignleft\"><span class=\"vcard\" style=\"display: none;\"><span class=\"fn\"><a href=\"https:\/\/whaleworld.pt\/?author=2\" title=\"Posts by \" rel=\"author\"><\/a><\/span><\/span><span class=\"updated\" style=\"display:none;\">2025-09-16T12:53:34+00:00<\/span><span><\/span><span class=\"fusion-inline-sep\">|<\/span><\/div><div class=\"fusion-alignright\"><a class=\"fusion-read-more\" href=\"https:\/\/whaleworld.pt\/?p=2220\" aria-label=\"More on The story behind A Tasca\u2019s menu\">Read More<\/a><\/div><\/div><\/article>\n<article id=\"blog-1-post-2186\" class=\"fusion-post-large post-2186 post type-post status-publish format-standard hentry category-uncategorized\">\n\t<style type=\"text\/css\">\n\t\t\n\t\t\n\t\t\n\t\t\n\t\t\t<\/style>\n\n\n<div class=\"fusion-post-content post-content\"><h2 class=\"blog-shortcode-post-title entry-title\"><a href=\"https:\/\/whaleworld.pt\/?p=2186&#038;lang=pt\">Correio dos A\u00e7ores &#8211; Artigo sobre a Petshop Solid\u00e1rio<\/a><\/h2><div class=\"fusion-post-content-container\"><p>    <\/p><\/div><\/div><div class=\"fusion-clearfix\"><\/div><div class=\"fusion-meta-info\"><div class=\"fusion-alignleft\"><span class=\"vcard\" style=\"display: none;\"><span class=\"fn\"><a href=\"https:\/\/whaleworld.pt\/?author=2\" title=\"Posts by \" rel=\"author\"><\/a><\/span><\/span><span class=\"updated\" style=\"display:none;\">2025-01-03T17:23:57+00:00<\/span><span><\/span><span class=\"fusion-inline-sep\">|<\/span><\/div><div class=\"fusion-alignright\"><a class=\"fusion-read-more\" href=\"https:\/\/whaleworld.pt\/?p=2186&#038;lang=pt\" aria-label=\"More on Correio dos A\u00e7ores &#8211; Artigo sobre a Petshop Solid\u00e1rio\">Read More<\/a><\/div><\/div><\/article>\n<article id=\"blog-1-post-2068\" class=\"fusion-post-large post-2068 post type-post status-publish format-standard hentry category-uncategorized-en\">\n\t<style type=\"text\/css\">\n\t\t\n\t\t\n\t\t\n\t\t\n\t\t\t<\/style>\n\n\n<div class=\"fusion-post-content post-content\"><h2 class=\"blog-shortcode-post-title entry-title\"><a href=\"https:\/\/whaleworld.pt\/?p=2068\">Correio dos A\u00e7ores &#8211; Article about Petshop Solid\u00e1rio<\/a><\/h2><div class=\"fusion-post-content-container\"><p> Charitable project appeals for more establishments to join the animal cause Solidarity initiative donates its revenues from locally produced pet shop items to support abandoned animals In current times, it is still very common to come across numerous run over, chained, neglected, and abandoned animals in the Azorean islands, as if they were disposable objects. Often, they rely solely on the goodwill and assistance of associations, volunteers, private initiatives, and sometimes tourists vacationing in<\/p><\/div><\/div><div class=\"fusion-clearfix\"><\/div><div class=\"fusion-meta-info\"><div class=\"fusion-alignleft\"><span class=\"vcard\" style=\"display: none;\"><span class=\"fn\"><a href=\"https:\/\/whaleworld.pt\/?author=2\" title=\"Posts by \" rel=\"author\"><\/a><\/span><\/span><span class=\"updated\" style=\"display:none;\">2025-01-03T17:22:17+00:00<\/span><span><\/span><span class=\"fusion-inline-sep\">|<\/span><\/div><div class=\"fusion-alignright\"><a class=\"fusion-read-more\" href=\"https:\/\/whaleworld.pt\/?p=2068\" aria-label=\"More on Correio dos A\u00e7ores &#8211; Article about Petshop Solid\u00e1rio\">Read More<\/a><\/div><\/div><\/article>\n<\/div><\/div><\/div><\/div><\/div><\/div><\/p>\n","protected":false},"excerpt":{"rendered":"","protected":false},"author":2,"featured_media":0,"parent":0,"menu_order":0,"comment_status":"closed","ping_status":"closed","template":"100-width.php","meta":[],"lang":"pt","translations":{"pt":2176,"en":2083},"pll_sync_post":[],"_links":{"self":[{"href":"https:\/\/whaleworld.pt\/index.php?rest_route=\/wp\/v2\/pages\/2176"}],"collection":[{"href":"https:\/\/whaleworld.pt\/index.php?rest_route=\/wp\/v2\/pages"}],"about":[{"href":"https:\/\/whaleworld.pt\/index.php?rest_route=\/wp\/v2\/types\/page"}],"author":[{"embeddable":true,"href":"https:\/\/whaleworld.pt\/index.php?rest_route=\/wp\/v2\/users\/2"}],"replies":[{"embeddable":true,"href":"https:\/\/whaleworld.pt\/index.php?rest_route=%2Fwp%2Fv2%2Fcomments&post=2176"}],"version-history":[{"count":8,"href":"https:\/\/whaleworld.pt\/index.php?rest_route=\/wp\/v2\/pages\/2176\/revisions"}],"predecessor-version":[{"id":2193,"href":"https:\/\/whaleworld.pt\/index.php?rest_route=\/wp\/v2\/pages\/2176\/revisions\/2193"}],"wp:attachment":[{"href":"https:\/\/whaleworld.pt\/index.php?rest_route=%2Fwp%2Fv2%2Fmedia&parent=2176"}],"curies":[{"name":"wp","href":"https:\/\/api.w.org\/{rel}","templated":true}]}}