{"id":2205,"date":"2025-02-03T22:03:50","date_gmt":"2025-02-03T22:03:50","guid":{"rendered":"https:\/\/whaleworld.pt\/?page_id=2205"},"modified":"2025-11-24T17:05:13","modified_gmt":"2025-11-24T17:05:13","slug":"onde-comprar","status":"publish","type":"page","link":"https:\/\/whaleworld.pt\/?page_id=2205&lang=pt","title":{"rendered":"Onde Comprar"},"content":{"rendered":"<p><div class=\"fusion-fullwidth fullwidth-box fusion-builder-row-1 fusion-flex-container has-pattern-background has-mask-background nonhundred-percent-fullwidth non-hundred-percent-height-scrolling fusion-no-medium-visibility\" style=\"--awb-background-repeat:no-repete;--awb-border-radius-top-left:0px;--awb-border-radius-top-right:0px;--awb-border-radius-bottom-right:0px;--awb-border-radius-bottom-left:0px;\" ><div class=\"fusion-builder-row fusion-row fusion-flex-align-items-flex-start\" style=\"max-width:calc( 100% + 80px );margin-left: calc(-80px \/ 2 );margin-right: calc(-80px \/ 2 );\"><div class=\"fusion-layout-column fusion_builder_column fusion-builder-column-0 fusion_builder_column_1_1 1_1 fusion-flex-column\" style=\"--awb-bg-repeat:no-repete;--awb-width-large:100%;--awb-margin-top-large:0px;--awb-spacing-right-large:40px;--awb-margin-bottom-large:20px;--awb-spacing-left-large:40px;--awb-width-medium:100%;--awb-order-medium:0;--awb-spacing-right-medium:40px;--awb-spacing-left-medium:40px;--awb-width-small:100%;--awb-order-small:0;--awb-spacing-right-small:40px;--awb-spacing-left-small:40px;\"><div class=\"fusion-column-wrapper fusion-column-has-shadow fusion-flex-justify-content-flex-start fusion-content-layout-column\"><div class=\"fusion-text fusion-text-1\"><p style=\"text-align: center;\"><strong><span style=\"color: #0000ff;\">Aten\u00e7\u00e3o: <\/span><\/strong><span style=\"color: #0000ff;\">N\u00e3o vendemos produtos online.<\/span><\/p>\n<h3 style=\"text-align: center;\"><strong>As seguintes listas incluem os locais onde pode encontrar os nossos produtos<\/strong>:<\/h3>\n<\/div><\/div><\/div><\/div><\/div><div class=\"fusion-fullwidth fullwidth-box fusion-builder-row-2 fusion-flex-container has-pattern-background has-mask-background nonhundred-percent-fullwidth non-hundred-percent-height-scrolling fusion-no-medium-visibility\" style=\"--awb-border-radius-top-left:0px;--awb-border-radius-top-right:0px;--awb-border-radius-bottom-right:0px;--awb-border-radius-bottom-left:0px;--awb-padding-right:10%;--awb-padding-left:10%;\" ><div class=\"fusion-builder-row fusion-row fusion-flex-align-items-flex-start\" style=\"max-width:calc( 100% + 80px );margin-left: calc(-80px \/ 2 );margin-right: calc(-80px \/ 2 );\"><div class=\"fusion-layout-column fusion_builder_column fusion-builder-column-1 fusion_builder_column_1_2 1_2 fusion-flex-column\" style=\"--awb-bg-size:cover;--awb-width-large:50%;--awb-order-large:0;--awb-margin-top-large:0px;--awb-spacing-right-large:40px;--awb-margin-bottom-large:20px;--awb-spacing-left-large:40px;--awb-width-medium:100%;--awb-order-medium:0;--awb-spacing-right-medium:40px;--awb-spacing-left-medium:40px;--awb-width-small:100%;--awb-order-small:0;--awb-spacing-right-small:40px;--awb-spacing-left-small:40px;\"><div class=\"fusion-column-wrapper fusion-column-has-shadow fusion-flex-justify-content-flex-start fusion-content-layout-column\"><div class=\"fusion-text fusion-text-2\"><h4 style=\"text-align: center;\"><strong>Pontos de venda de produtos &#8221;Whale World&#8221;:<\/strong><\/h4>\n<ol>\n<li><strong>Restaurante &#8220;A Tasca&#8221; (Ponta Delgada):<\/strong>\n<ul>\n<li>Peluches<\/li>\n<li>Livros sobre baleias<\/li>\n<\/ul>\n<\/li>\n<li><strong>Empresa de WhaleWatching &#8220;Moby Dick &#8211; Tours&#8221; (Ponta Delgada):<\/strong>\n<ul>\n<li>Peluches<\/li>\n<li>Livros sobre baleias<\/li>\n<\/ul>\n<\/li>\n<li><strong>F\u00e1brica de ch\u00e1 &#8220;Ch\u00e1 Gorreana&#8221; (Maia):<\/strong>\n<ul>\n<li>Peluches<\/li>\n<li>Livros sobre baleias<\/li>\n<\/ul>\n<\/li>\n<li><strong>Empresa de WhaleWatching &#8220;Terra Azul&#8221; (Vila Franca do Campo):<\/strong>\n<ul>\n<li>Peluches<\/li>\n<\/ul>\n<\/li>\n<li><strong>Hotel &#8220;Octant&#8221; (Furnas):<\/strong>\n<ul>\n<li>Peluches<\/li>\n<li>Livros sobre baleias<\/li>\n<\/ul>\n<\/li>\n<\/ol>\n<\/div><\/div><\/div><div class=\"fusion-layout-column fusion_builder_column fusion-builder-column-2 fusion_builder_column_1_2 1_2 fusion-flex-column\" style=\"--awb-bg-size:cover;--awb-width-large:50%;--awb-order-large:0;--awb-margin-top-large:0px;--awb-spacing-right-large:40px;--awb-margin-bottom-large:20px;--awb-spacing-left-large:40px;--awb-width-medium:100%;--awb-order-medium:0;--awb-spacing-right-medium:40px;--awb-spacing-left-medium:40px;--awb-width-small:100%;--awb-order-small:0;--awb-spacing-right-small:40px;--awb-spacing-left-small:40px;\"><div class=\"fusion-column-wrapper fusion-column-has-shadow fusion-flex-justify-content-flex-start fusion-content-layout-column\"><div class=\"fusion-text fusion-text-3\"><h4 style=\"text-align: center;\"><strong>Pontos de venda de produtos &#8220;Petshop Solid\u00e1rio&#8221;:<\/strong><\/h4>\n<ol>\n<li><strong>Restaurante &#8220;A Tasca&#8221; (Ponta Delgada):<\/strong>\n<ul>\n<li>Artesanato<\/li>\n<\/ul>\n<\/li>\n<li><strong>Petshop &#8220;Orangotango&#8221; (Ponta Delgada):<\/strong>\n<ul>\n<li>Artesanato<\/li>\n<li>Postais\/cart\u00f5es art\u00edsticos<\/li>\n<\/ul>\n<\/li>\n<li><strong>Dra. Raquel Rodrigues \/ Podologia (Ponta Delgada):<\/strong>\n<ul>\n<li>Postais\/cart\u00f5es art\u00edsticos<\/li>\n<\/ul>\n<\/li>\n<li><strong>F\u00e1brica de ch\u00e1 &#8220;Ch\u00e1 Gorreana&#8221; (Maia):<\/strong>\n<ul>\n<li>Artesanato<\/li>\n<li>Postais\/cart\u00f5es art\u00edsticos<\/li>\n<\/ul>\n<\/li>\n<li><strong>Hotel &#8220;Octant&#8221; (Furnas):<\/strong>\n<ul>\n<li>Artesanato<\/li>\n<li>Postais\/cart\u00f5es art\u00edsticos<\/li>\n<\/ul>\n<\/li>\n<\/ol>\n<\/div><\/div><\/div><\/div><\/div><\/p>\n","protected":false},"excerpt":{"rendered":"","protected":false},"author":2,"featured_media":0,"parent":0,"menu_order":0,"comment_status":"closed","ping_status":"closed","template":"100-width.php","meta":[],"lang":"pt","translations":{"pt":2205,"en":2200},"pll_sync_post":[],"_links":{"self":[{"href":"https:\/\/whaleworld.pt\/index.php?rest_route=\/wp\/v2\/pages\/2205"}],"collection":[{"href":"https:\/\/whaleworld.pt\/index.php?rest_route=\/wp\/v2\/pages"}],"about":[{"href":"https:\/\/whaleworld.pt\/index.php?rest_route=\/wp\/v2\/types\/page"}],"author":[{"embeddable":true,"href":"https:\/\/whaleworld.pt\/index.php?rest_route=\/wp\/v2\/users\/2"}],"replies":[{"embeddable":true,"href":"https:\/\/whaleworld.pt\/index.php?rest_route=%2Fwp%2Fv2%2Fcomments&post=2205"}],"version-history":[{"count":7,"href":"https:\/\/whaleworld.pt\/index.php?rest_route=\/wp\/v2\/pages\/2205\/revisions"}],"predecessor-version":[{"id":2232,"href":"https:\/\/whaleworld.pt\/index.php?rest_route=\/wp\/v2\/pages\/2205\/revisions\/2232"}],"wp:attachment":[{"href":"https:\/\/whaleworld.pt\/index.php?rest_route=%2Fwp%2Fv2%2Fmedia&parent=2205"}],"curies":[{"name":"wp","href":"https:\/\/api.w.org\/{rel}","templated":true}]}}